{"id":1894,"date":"2022-03-15T09:50:28","date_gmt":"2022-03-15T09:50:28","guid":{"rendered":"http:\/\/monorthophoniste.online\/?page_id=1894"},"modified":"2022-03-20T19:11:45","modified_gmt":"2022-03-20T19:11:45","slug":"aviso-legal","status":"publish","type":"page","link":"https:\/\/monorthophoniste.online\/?page_id=1894","title":{"rendered":"AVISO LEGAL"},"content":{"rendered":"\n<h2 class=\"wp-block-heading\"><strong><u><mark style=\"background-color:rgba(0, 0, 0, 0)\" class=\"has-inline-color has-ast-global-color-1-color\"><span style=\"text-decoration: underline;\">Aviso Legal<\/span><\/mark><\/u><\/strong><\/h2>\n\n\n\n<p>Este portal, cuyo titular es\u00a0<strong>MARYAM AMRAOUI\u00a0<\/strong>con NIF:\u00a0<strong>55596227Y\u00a0<\/strong>domicilio en<strong> MADRID,\u00a0<\/strong>con\u00a0<strong>n\u00famero\u00a0de colegiada 28\/0682<\/strong>, y con email:\u00a0<strong><a href=\"mailto:andreaparralogopeda@gmail.com\">maryamlogopeda@gmail.com<\/a><\/strong><\/p>\n\n\n\n<h2 class=\"wp-block-heading\"><strong><u><mark style=\"background-color:rgba(0, 0, 0, 0)\" class=\"has-inline-color has-ast-global-color-1-color\"><span style=\"text-decoration: underline;\">Propiedad intelectual e industrial<\/span><\/mark><\/u><\/strong><\/h2>\n\n\n\n<p>El dise\u00f1o del portal y sus c\u00f3digos fuente, as\u00ed como los logos, marcas y dem\u00e1s signos distintivos que aparecen en el mismo pertenecen a&nbsp;<strong>maryam amraoui&nbsp;<\/strong>y est\u00e1n protegidos por los correspondientes derechos de propiedad intelectual e industrial.<\/p>\n\n\n\n<h2 class=\"wp-block-heading\"><strong><u><mark style=\"background-color:rgba(0, 0, 0, 0)\" class=\"has-inline-color has-ast-global-color-1-color\"><span style=\"text-decoration: underline;\">Responsabilidad de los contenidos<\/span><\/mark><\/u><\/strong><\/h2>\n\n\n\n<p><strong>MARYAM AMRAOUI&nbsp;<\/strong>no se hace responsable de la legalidad de otros sitios web de terceros desde los que pueda accederse al portal.<\/p>\n\n\n\n<p><strong><strong>MARYAM AMRAOU<\/strong><\/strong>I tampoco responde por la legalidad de otros sitios web de terceros, que pudieran estar vinculados o enlazados desde este portal.<\/p>\n\n\n\n<p><strong><strong>MARYAM AMRAOU<\/strong><\/strong>I<strong>&nbsp;<\/strong>se reserva el derecho a realizar cambios en el sitio web sin previo aviso, al objeto de mantener actualizada su informaci\u00f3n, a\u00f1adiendo, modificando, corrigiendo o eliminando los contenidos publicados o el dise\u00f1o del portal.<\/p>\n\n\n\n<p><strong><strong>MARYAM AMRAOU<\/strong><\/strong>I <strong>&nbsp;<\/strong>no ser\u00e1 responsable del uso que terceros hagan de la informaci\u00f3n publicada en el portal, ni tampoco de los da\u00f1os sufridos o p\u00e9rdidas econ\u00f3micas que, de forma directa o indirecta, produzcan o puedan producir perjuicios econ\u00f3micos, materiales o sobre datos, provocados por el uso de dicha informaci\u00f3n.<\/p>\n\n\n\n<h2 class=\"wp-block-heading\"><strong><u><mark style=\"background-color:rgba(0, 0, 0, 0)\" class=\"has-inline-color has-ast-global-color-1-color\"><span style=\"text-decoration: underline;\">Resproducci\u00f3n de contenidos<\/span><\/mark><\/u><\/strong><\/h2>\n\n\n\n<p>Se proh\u00edbe la reproducci\u00f3n total o parcial de los contenidos publicados en el portal a excepci\u00f3n de los contenidos que sean considerados como datos abiertos en la Sede Electr\u00f3nica, publicados seg\u00fan lo previsto en el Real Decreto 1495\/2011, de 24 de octubre.<\/p>\n\n\n\n<h2 class=\"wp-block-heading\"><strong><u><mark style=\"background-color:rgba(0, 0, 0, 0)\" class=\"has-inline-color has-ast-global-color-1-color\"><span style=\"text-decoration: underline;\">Ley aplicable<\/span><\/mark><\/u><\/strong><\/h2>\n\n\n\n<p>La ley aplicable en caso de disputa o conflicto de interpretaci\u00f3n de los t\u00e9rminos que conforman este aviso legal, as\u00ed como cualquier cuesti\u00f3n relacionada con los servicios del presente portal, ser\u00e1 la ley espa\u00f1ola.<\/p>\n","protected":false},"excerpt":{"rendered":"<p>Aviso Legal Este portal, cuyo titular es\u00a0MARYAM AMRAOUI\u00a0con NIF:\u00a055596227Y\u00a0domicilio en MADRID,\u00a0con\u00a0n\u00famero\u00a0de colegiada 28\/0682, y con email:\u00a0maryamlogopeda@gmail.com Propiedad intelectual e industrial El dise\u00f1o del portal y sus c\u00f3digos fuente, as\u00ed como los logos, marcas y dem\u00e1s signos distintivos que aparecen en el mismo pertenecen a&nbsp;maryam amraoui&nbsp;y est\u00e1n protegidos por los correspondientes derechos de propiedad intelectual e [&hellip;]<\/p>\n","protected":false},"author":1,"featured_media":0,"parent":0,"menu_order":0,"comment_status":"closed","ping_status":"closed","template":"","meta":{"om_disable_all_campaigns":false,"_monsterinsights_skip_tracking":false,"_monsterinsights_sitenote_active":false,"_monsterinsights_sitenote_note":"","_monsterinsights_sitenote_category":0,"site-sidebar-layout":"default","site-content-layout":"","ast-site-content-layout":"default","site-content-style":"default","site-sidebar-style":"default","ast-global-header-display":"","ast-banner-title-visibility":"","ast-main-header-display":"","ast-hfb-above-header-display":"","ast-hfb-below-header-display":"","ast-hfb-mobile-header-display":"","site-post-title":"","ast-breadcrumbs-content":"","ast-featured-img":"","footer-sml-layout":"","ast-disable-related-posts":"","theme-transparent-header-meta":"","adv-header-id-meta":"","stick-header-meta":"","header-above-stick-meta":"","header-main-stick-meta":"","header-below-stick-meta":"","astra-migrate-meta-layouts":"default","ast-page-background-enabled":"default","ast-page-background-meta":{"desktop":{"background-color":"","background-image":"","background-repeat":"repeat","background-position":"center center","background-size":"auto","background-attachment":"scroll","background-type":"","background-media":"","overlay-type":"","overlay-color":"","overlay-opacity":"","overlay-gradient":""},"tablet":{"background-color":"","background-image":"","background-repeat":"repeat","background-position":"center center","background-size":"auto","background-attachment":"scroll","background-type":"","background-media":"","overlay-type":"","overlay-color":"","overlay-opacity":"","overlay-gradient":""},"mobile":{"background-color":"","background-image":"","background-repeat":"repeat","background-position":"center center","background-size":"auto","background-attachment":"scroll","background-type":"","background-media":"","overlay-type":"","overlay-color":"","overlay-opacity":"","overlay-gradient":""}},"ast-content-background-meta":{"desktop":{"background-color":"var(--ast-global-color-5)","background-image":"","background-repeat":"repeat","background-position":"center center","background-size":"auto","background-attachment":"scroll","background-type":"","background-media":"","overlay-type":"","overlay-color":"","overlay-opacity":"","overlay-gradient":""},"tablet":{"background-color":"var(--ast-global-color-5)","background-image":"","background-repeat":"repeat","background-position":"center center","background-size":"auto","background-attachment":"scroll","background-type":"","background-media":"","overlay-type":"","overlay-color":"","overlay-opacity":"","overlay-gradient":""},"mobile":{"background-color":"var(--ast-global-color-5)","background-image":"","background-repeat":"repeat","background-position":"center center","background-size":"auto","background-attachment":"scroll","background-type":"","background-media":"","overlay-type":"","overlay-color":"","overlay-opacity":"","overlay-gradient":""}},"footnotes":""},"class_list":["post-1894","page","type-page","status-publish","hentry"],"jetpack_sharing_enabled":true,"_links":{"self":[{"href":"https:\/\/monorthophoniste.online\/index.php?rest_route=\/wp\/v2\/pages\/1894","targetHints":{"allow":["GET"]}}],"collection":[{"href":"https:\/\/monorthophoniste.online\/index.php?rest_route=\/wp\/v2\/pages"}],"about":[{"href":"https:\/\/monorthophoniste.online\/index.php?rest_route=\/wp\/v2\/types\/page"}],"author":[{"embeddable":true,"href":"https:\/\/monorthophoniste.online\/index.php?rest_route=\/wp\/v2\/users\/1"}],"replies":[{"embeddable":true,"href":"https:\/\/monorthophoniste.online\/index.php?rest_route=%2Fwp%2Fv2%2Fcomments&post=1894"}],"version-history":[{"count":3,"href":"https:\/\/monorthophoniste.online\/index.php?rest_route=\/wp\/v2\/pages\/1894\/revisions"}],"predecessor-version":[{"id":1948,"href":"https:\/\/monorthophoniste.online\/index.php?rest_route=\/wp\/v2\/pages\/1894\/revisions\/1948"}],"wp:attachment":[{"href":"https:\/\/monorthophoniste.online\/index.php?rest_route=%2Fwp%2Fv2%2Fmedia&parent=1894"}],"curies":[{"name":"wp","href":"https:\/\/api.w.org\/{rel}","templated":true}]}}