{"id":1376,"date":"2020-09-17T07:31:09","date_gmt":"2020-09-17T07:31:09","guid":{"rendered":"https:\/\/maryamlogofoni.com\/?page_id=1376"},"modified":"2025-07-28T11:42:33","modified_gmt":"2025-07-28T11:42:33","slug":"home","status":"publish","type":"page","link":"https:\/\/monorthophoniste.online\/","title":{"rendered":"Home"},"content":{"rendered":"\n<div class=\"wp-block-cover alignfull is-light\" style=\"min-height:680px;aspect-ratio:unset;\"><span aria-hidden=\"true\" class=\"wp-block-cover__background has-ast-global-color-0-background-color has-background-dim-10 has-background-dim\"><\/span><img loading=\"lazy\" decoding=\"async\" width=\"1908\" height=\"1032\" class=\"wp-block-cover__image-background wp-image-3022\" alt=\"\" src=\"https:\/\/monorthophoniste.online\/wp-content\/uploads\/2025\/07\/Captura-de-Pantalla-2025-07-28-a-las-13.42.05.png\" data-object-fit=\"cover\" srcset=\"https:\/\/monorthophoniste.online\/wp-content\/uploads\/2025\/07\/Captura-de-Pantalla-2025-07-28-a-las-13.42.05.png 1908w, https:\/\/monorthophoniste.online\/wp-content\/uploads\/2025\/07\/Captura-de-Pantalla-2025-07-28-a-las-13.42.05-300x162.png 300w, https:\/\/monorthophoniste.online\/wp-content\/uploads\/2025\/07\/Captura-de-Pantalla-2025-07-28-a-las-13.42.05-1024x554.png 1024w, https:\/\/monorthophoniste.online\/wp-content\/uploads\/2025\/07\/Captura-de-Pantalla-2025-07-28-a-las-13.42.05-768x415.png 768w, https:\/\/monorthophoniste.online\/wp-content\/uploads\/2025\/07\/Captura-de-Pantalla-2025-07-28-a-las-13.42.05-1536x831.png 1536w, https:\/\/monorthophoniste.online\/wp-content\/uploads\/2025\/07\/Captura-de-Pantalla-2025-07-28-a-las-13.42.05-1320x714.png 1320w\" sizes=\"auto, (max-width: 1908px) 100vw, 1908px\" \/><div class=\"wp-block-cover__inner-container is-layout-flow wp-block-cover-is-layout-flow\">\n<p><\/p>\n<\/div><\/div>\n\n\n\n<div class=\"inherit-container-width wp-block-group alignfull has-pale-ocean-gradient-background has-background is-layout-constrained wp-block-group-is-layout-constrained\"><div class=\"wp-block-group__inner-container\">\n<figure class=\"wp-block-image aligncenter size-full is-resized\"><img loading=\"lazy\" decoding=\"async\" width=\"60\" height=\"68\" src=\"https:\/\/monorthophoniste.online\/wp-content\/uploads\/2019\/05\/life-coach-flower-logo.png\" alt=\"\" class=\"wp-image-718\" style=\"width:60px;height:68px\" srcset=\"https:\/\/monorthophoniste.online\/wp-content\/uploads\/2019\/05\/life-coach-flower-logo.png 60w, https:\/\/monorthophoniste.online\/wp-content\/uploads\/2019\/05\/life-coach-flower-logo-55x62.png 55w\" sizes=\"auto, (max-width: 60px) 100vw, 60px\" \/><\/figure>\n<\/div><\/div>\n\n\n\n<div class=\"inherit-container-width wp-block-group alignfull has-ast-global-color-4-background-color has-background is-layout-constrained wp-block-group-is-layout-constrained\"><div class=\"wp-block-group__inner-container\">\n<div class=\"inherit-container-width wp-block-group is-layout-constrained wp-block-group-is-layout-constrained\"><div class=\"wp-block-group__inner-container\">\n<div class=\"wp-block-columns are-vertically-aligned-bottom is-layout-flex wp-container-core-columns-is-layout-1 wp-block-columns-is-layout-flex\">\n<div class=\"wp-block-column is-vertically-aligned-bottom is-layout-flow wp-block-column-is-layout-flow\">\n<h2 class=\"wp-block-heading has-text-align-center\"><mark style=\"background-color:rgba(0, 0, 0, 0)\" class=\"has-inline-color has-ast-global-color-6-color\">Comment \u00e7a fonctionne ?<\/mark> <\/h2>\n\n\n\n<h2 class=\"wp-block-heading has-text-align-center\"><strong><mark style=\"background-color:rgba(0, 0, 0, 0)\" class=\"has-inline-color has-ast-global-color-1-color\"> C&rsquo;est simple<\/mark><\/strong><\/h2>\n\n\n\n<p><strong><mark style=\"background-color:rgba(0, 0, 0, 0)\" class=\"has-inline-color has-ast-global-color-1-color\">1\u00e8re \u00e9tape:<\/mark><\/strong><mark style=\"background-color:rgba(0, 0, 0, 0)\" class=\"has-inline-color has-ast-global-color-6-color\">&nbsp;Prenez contact par e-mail en exposant bri\u00e8vement les raisons de votre demande. Merci d\u2019indiquer vos <strong>coordonn\u00e9es (t\u00e9l\u00e9phone et e-mail)<\/strong> ainsi que vos <strong>disponibilit\u00e9s<\/strong> pour un premier \u00e9change.<\/mark><\/p>\n\n\n\n<p><strong><mark style=\"background-color:rgba(0, 0, 0, 0)\" class=\"has-inline-color has-ast-global-color-1-color\">2\u00e8me \u00e9tape<\/mark><\/strong><mark style=\"background-color:rgba(0, 0, 0, 0)\" class=\"has-inline-color has-ast-global-color-6-color\"><strong>:<\/strong>&nbsp;Nous fixons un rendez-vous pour un <strong>entretien pr\u00e9liminaire gratuit<\/strong> via Zoom. Ce moment nous permet de mieux comprendre votre situation et vos besoins.<\/mark><\/p>\n\n\n\n<p><strong><mark style=\"background-color:rgba(0, 0, 0, 0)\" class=\"has-inline-color has-ast-global-color-1-color\">3\u00e8me \u00e9tape<\/mark><\/strong><mark style=\"background-color:rgba(0, 0, 0, 0)\" class=\"has-inline-color has-ast-global-color-6-color\"><strong>:<\/strong>&nbsp;Si un bilan orthophonique s\u2019av\u00e8re n\u00e9cessaire, nous planifions ensemble une s\u00e9ance en visioconf\u00e9rence. Le <strong>paiement du bilan<\/strong> devra \u00eatre effectu\u00e9 <strong>avant le rendez-vous<\/strong>, via la page d\u00e9di\u00e9e.<\/mark><\/p>\n\n\n\n<p><strong><mark style=\"background-color:rgba(0, 0, 0, 0)\" class=\"has-inline-color has-ast-global-color-1-color\">4\u00e8me \u00e9tape:<\/mark><\/strong><mark style=\"background-color:rgba(0, 0, 0, 0)\" class=\"has-inline-color has-ast-global-color-6-color\">&nbsp;\u00c0 l\u2019issue du bilan, vous recevrez un <strong>compte rendu \u00e9crit<\/strong>. Selon les r\u00e9sultats, une <strong>prise en charge personnalis\u00e9e<\/strong> pourra \u00eatre mise en place<\/mark><\/p>\n\n\n\n<p class=\"has-text-align-left\"><strong>Chaque accompagnement est unique, comme chaque patient<\/strong>. La t\u00e9l\u00e9orthophonie n\u2019est pas une solution universelle. Avant d\u2019envisager un suivi en ligne, il est essentiel d\u2019\u00e9valuer plusieurs \u00e9l\u00e9ments : l\u2019\u00e2ge du patient, la nature de ses troubles, sa capacit\u00e9 d\u2019attention, sa motivation, sa familiarit\u00e9 avec l\u2019outil num\u00e9rique\u2026 mais aussi la qualit\u00e9 de la connexion internet \u00e0 domicile.Dans certaines situations, un suivi \u00e0 distance peut s\u2019av\u00e9rer peu adapt\u00e9, voire impossible. Dans ces cas-l\u00e0, le r\u00f4le de l\u2019orthophoniste est d\u2019offrir un accompagnement indirect : proposer des conseils concrets, guider les parents au quotidien, et mettre en place des outils simples pour favoriser les progr\u00e8s de l\u2019enfant \u00e0 la maison.<\/p>\n<\/div>\n<\/div>\n<\/div><\/div>\n<\/div><\/div>\n\n\n\n<div class=\"inherit-container-width wp-block-group alignfull has-ast-global-color-5-background-color has-background is-layout-constrained wp-block-group-is-layout-constrained\"><div class=\"wp-block-group__inner-container\">\n<figure class=\"wp-block-gallery alignwide has-nested-images columns-default is-cropped wp-block-gallery-1 is-layout-flex wp-block-gallery-is-layout-flex\">\n<figure class=\"wp-block-image size-large is-style-rounded\"><img loading=\"lazy\" decoding=\"async\" width=\"1024\" height=\"318\" src=\"https:\/\/monorthophoniste.online\/wp-content\/uploads\/2022\/03\/Captura-de-pantalla-2022-03-03-a-las-18.58.13-1024x318.png\" alt=\"\" class=\"wp-image-1753\" srcset=\"https:\/\/monorthophoniste.online\/wp-content\/uploads\/2022\/03\/Captura-de-pantalla-2022-03-03-a-las-18.58.13-1024x318.png 1024w, https:\/\/monorthophoniste.online\/wp-content\/uploads\/2022\/03\/Captura-de-pantalla-2022-03-03-a-las-18.58.13-300x93.png 300w, https:\/\/monorthophoniste.online\/wp-content\/uploads\/2022\/03\/Captura-de-pantalla-2022-03-03-a-las-18.58.13-768x239.png 768w, https:\/\/monorthophoniste.online\/wp-content\/uploads\/2022\/03\/Captura-de-pantalla-2022-03-03-a-las-18.58.13-1536x477.png 1536w, https:\/\/monorthophoniste.online\/wp-content\/uploads\/2022\/03\/Captura-de-pantalla-2022-03-03-a-las-18.58.13.png 1750w\" sizes=\"auto, (max-width: 1024px) 100vw, 1024px\" \/><\/figure>\n<\/figure>\n<\/div><\/div>\n\n\n\n<p><\/p>\n","protected":false},"excerpt":{"rendered":"<p>Comment \u00e7a fonctionne ? C&rsquo;est simple 1\u00e8re \u00e9tape:&nbsp;Prenez contact par e-mail en exposant bri\u00e8vement les raisons de votre demande. Merci d\u2019indiquer vos coordonn\u00e9es (t\u00e9l\u00e9phone et e-mail) ainsi que vos disponibilit\u00e9s pour un premier \u00e9change. 2\u00e8me \u00e9tape:&nbsp;Nous fixons un rendez-vous pour un entretien pr\u00e9liminaire gratuit via Zoom. Ce moment nous permet de mieux comprendre votre situation [&hellip;]<\/p>\n","protected":false},"author":1,"featured_media":0,"parent":0,"menu_order":0,"comment_status":"closed","ping_status":"closed","template":"","meta":{"om_disable_all_campaigns":false,"_monsterinsights_skip_tracking":false,"_monsterinsights_sitenote_active":false,"_monsterinsights_sitenote_note":"","_monsterinsights_sitenote_category":0,"site-sidebar-layout":"no-sidebar","site-content-layout":"plain-container","ast-site-content-layout":"normal-width-container","site-content-style":"unboxed","site-sidebar-style":"unboxed","ast-global-header-display":"","ast-banner-title-visibility":"","ast-main-header-display":"","ast-hfb-above-header-display":"","ast-hfb-below-header-display":"","ast-hfb-mobile-header-display":"","site-post-title":"disabled","ast-breadcrumbs-content":"","ast-featured-img":"","footer-sml-layout":"","ast-disable-related-posts":"","theme-transparent-header-meta":"default","adv-header-id-meta":"","stick-header-meta":"","header-above-stick-meta":"","header-main-stick-meta":"","header-below-stick-meta":"","astra-migrate-meta-layouts":"set","ast-page-background-enabled":"default","ast-page-background-meta":{"desktop":{"background-color":"","background-image":"","background-repeat":"repeat","background-position":"center center","background-size":"auto","background-attachment":"scroll","background-type":"","background-media":"","overlay-type":"","overlay-color":"","overlay-opacity":"","overlay-gradient":""},"tablet":{"background-color":"","background-image":"","background-repeat":"repeat","background-position":"center center","background-size":"auto","background-attachment":"scroll","background-type":"","background-media":"","overlay-type":"","overlay-color":"","overlay-opacity":"","overlay-gradient":""},"mobile":{"background-color":"","background-image":"","background-repeat":"repeat","background-position":"center center","background-size":"auto","background-attachment":"scroll","background-type":"","background-media":"","overlay-type":"","overlay-color":"","overlay-opacity":"","overlay-gradient":""}},"ast-content-background-meta":{"desktop":{"background-color":"var(--ast-global-color-5)","background-image":"","background-repeat":"repeat","background-position":"center center","background-size":"auto","background-attachment":"scroll","background-type":"","background-media":"","overlay-type":"","overlay-color":"","overlay-opacity":"","overlay-gradient":""},"tablet":{"background-color":"var(--ast-global-color-5)","background-image":"","background-repeat":"repeat","background-position":"center center","background-size":"auto","background-attachment":"scroll","background-type":"","background-media":"","overlay-type":"","overlay-color":"","overlay-opacity":"","overlay-gradient":""},"mobile":{"background-color":"var(--ast-global-color-5)","background-image":"","background-repeat":"repeat","background-position":"center center","background-size":"auto","background-attachment":"scroll","background-type":"","background-media":"","overlay-type":"","overlay-color":"","overlay-opacity":"","overlay-gradient":""}},"footnotes":""},"class_list":["post-1376","page","type-page","status-publish","hentry"],"jetpack_sharing_enabled":true,"_links":{"self":[{"href":"https:\/\/monorthophoniste.online\/index.php?rest_route=\/wp\/v2\/pages\/1376","targetHints":{"allow":["GET"]}}],"collection":[{"href":"https:\/\/monorthophoniste.online\/index.php?rest_route=\/wp\/v2\/pages"}],"about":[{"href":"https:\/\/monorthophoniste.online\/index.php?rest_route=\/wp\/v2\/types\/page"}],"author":[{"embeddable":true,"href":"https:\/\/monorthophoniste.online\/index.php?rest_route=\/wp\/v2\/users\/1"}],"replies":[{"embeddable":true,"href":"https:\/\/monorthophoniste.online\/index.php?rest_route=%2Fwp%2Fv2%2Fcomments&post=1376"}],"version-history":[{"count":29,"href":"https:\/\/monorthophoniste.online\/index.php?rest_route=\/wp\/v2\/pages\/1376\/revisions"}],"predecessor-version":[{"id":3023,"href":"https:\/\/monorthophoniste.online\/index.php?rest_route=\/wp\/v2\/pages\/1376\/revisions\/3023"}],"wp:attachment":[{"href":"https:\/\/monorthophoniste.online\/index.php?rest_route=%2Fwp%2Fv2%2Fmedia&parent=1376"}],"curies":[{"name":"wp","href":"https:\/\/api.w.org\/{rel}","templated":true}]}}