{"id":1374,"date":"2020-09-17T07:30:24","date_gmt":"2020-09-17T07:30:24","guid":{"rendered":"https:\/\/maryamlogofoni.com\/?page_id=1374"},"modified":"2022-03-10T22:12:00","modified_gmt":"2022-03-10T22:12:00","slug":"cout-des-prestations","status":"publish","type":"page","link":"https:\/\/monorthophoniste.online\/?page_id=1374","title":{"rendered":"Co\u00fbt des prestations"},"content":{"rendered":"\n<div class=\"inherit-container-width wp-block-group alignfull has-ast-global-color-5-background-color has-background is-layout-constrained wp-block-group-is-layout-constrained\"><div class=\"wp-block-group__inner-container\">\n<h1 class=\"wp-block-heading\" style=\"font-size:38px\">Co\u00fbt des prestations<\/h1>\n\n\n\n<p><\/p>\n\n\n\n<div class=\"inherit-container-width wp-block-group alignfull is-layout-constrained wp-block-group-is-layout-constrained\"><div class=\"wp-block-group__inner-container\"><div class=\"woocommerce columns-4 \"><ul class=\"products columns-4\">\n<li class=\"desktop-align-left tablet-align-left mobile-align-left product type-product post-1388 status-publish first instock product_cat-orthophonie product_tag-entretien-preliminaire-10-a-15-min-gratuit has-post-thumbnail taxable shipping-taxable purchasable product-type-simple\">\n\t<a href=\"https:\/\/monorthophoniste.online\/?product=entretien-preliminaire\" class=\"woocommerce-LoopProduct-link woocommerce-loop-product__link\"><img loading=\"lazy\" decoding=\"async\" width=\"140\" height=\"264\" src=\"https:\/\/monorthophoniste.online\/wp-content\/uploads\/2020\/09\/Captura-de-Pantalla-2025-09-19-a-las-13.11.21.png\" class=\"attachment-woocommerce_thumbnail size-woocommerce_thumbnail\" alt=\"Entretien Pr\u00e9liminaire\" \/><h2 class=\"woocommerce-loop-product__title\">Entretien Pr\u00e9liminaire<\/h2>\n\t<span class=\"price\"><span class=\"woocommerce-Price-amount amount\"><bdi>0,00&nbsp;<span class=\"woocommerce-Price-currencySymbol\">&euro;<\/span><\/bdi><\/span><\/span>\n<\/a><a href=\"?add-to-cart=1388\" aria-describedby=\"woocommerce_loop_add_to_cart_link_describedby_1388\" data-quantity=\"1\" class=\"button product_type_simple add_to_cart_button ajax_add_to_cart\" data-product_id=\"1388\" data-product_sku=\"\" aria-label=\"Ajouter au panier\u00a0: &ldquo;Entretien Pr\u00e9liminaire&rdquo;\" rel=\"nofollow\" data-success_message=\"\u00ab\u00a0Entretien Pr\u00e9liminaire\u00a0\u00bb a \u00e9t\u00e9 ajout\u00e9 \u00e0 votre panier\">Ajouter au panier<\/a>\t<span id=\"woocommerce_loop_add_to_cart_link_describedby_1388\" class=\"screen-reader-text\">\n\t\t\t<\/span>\n<\/li>\n<li class=\"desktop-align-left tablet-align-left mobile-align-left product type-product post-1565 status-publish instock product_cat-orthophonie product_tag-seance-70-eur has-post-thumbnail virtual taxable purchasable product-type-simple\">\n\t<a href=\"https:\/\/monorthophoniste.online\/?product=seances-3\" class=\"woocommerce-LoopProduct-link woocommerce-loop-product__link\"><img loading=\"lazy\" decoding=\"async\" width=\"140\" height=\"264\" src=\"https:\/\/monorthophoniste.online\/wp-content\/uploads\/2022\/03\/Captura-de-Pantalla-2025-09-19-a-las-13.00.26.png\" class=\"attachment-woocommerce_thumbnail size-woocommerce_thumbnail\" alt=\"S\u00c9ANCES\" \/><h2 class=\"woocommerce-loop-product__title\">S\u00c9ANCES<\/h2>\n\t<span class=\"price\"><span class=\"woocommerce-Price-amount amount\"><bdi>70,00&nbsp;<span class=\"woocommerce-Price-currencySymbol\">&euro;<\/span><\/bdi><\/span><\/span>\n<\/a><a href=\"?add-to-cart=1565\" aria-describedby=\"woocommerce_loop_add_to_cart_link_describedby_1565\" data-quantity=\"1\" class=\"button product_type_simple add_to_cart_button ajax_add_to_cart\" data-product_id=\"1565\" data-product_sku=\"\" aria-label=\"Ajouter au panier\u00a0: &ldquo;S\u00c9ANCES&rdquo;\" rel=\"nofollow\" data-success_message=\"\u00ab\u00a0S\u00c9ANCES\u00a0\u00bb a \u00e9t\u00e9 ajout\u00e9 \u00e0 votre panier\">Ajouter au panier<\/a>\t<span id=\"woocommerce_loop_add_to_cart_link_describedby_1565\" class=\"screen-reader-text\">\n\t\t\t<\/span>\n<\/li>\n<li class=\"desktop-align-left tablet-align-left mobile-align-left product type-product post-1386 status-publish instock product_cat-orthophonie product_tag-guidance-parentale has-post-thumbnail taxable shipping-taxable purchasable product-type-simple\">\n\t<a href=\"https:\/\/monorthophoniste.online\/?product=seances\" class=\"woocommerce-LoopProduct-link woocommerce-loop-product__link\"><img loading=\"lazy\" decoding=\"async\" width=\"140\" height=\"264\" src=\"https:\/\/monorthophoniste.online\/wp-content\/uploads\/2020\/09\/Captura-de-Pantalla-2025-09-19-a-las-13.03.39.png\" class=\"attachment-woocommerce_thumbnail size-woocommerce_thumbnail\" alt=\"Guidance Parentale\" \/><h2 class=\"woocommerce-loop-product__title\">Guidance Parentale<\/h2>\n\t<span class=\"price\"><span class=\"woocommerce-Price-amount amount\"><bdi>79,00&nbsp;<span class=\"woocommerce-Price-currencySymbol\">&euro;<\/span><\/bdi><\/span><\/span>\n<\/a><a href=\"?add-to-cart=1386\" aria-describedby=\"woocommerce_loop_add_to_cart_link_describedby_1386\" data-quantity=\"1\" class=\"button product_type_simple add_to_cart_button ajax_add_to_cart\" data-product_id=\"1386\" data-product_sku=\"\" aria-label=\"Ajouter au panier\u00a0: &ldquo;Guidance Parentale&rdquo;\" rel=\"nofollow\" data-success_message=\"\u00ab\u00a0Guidance Parentale\u00a0\u00bb a \u00e9t\u00e9 ajout\u00e9 \u00e0 votre panier\">Ajouter au panier<\/a>\t<span id=\"woocommerce_loop_add_to_cart_link_describedby_1386\" class=\"screen-reader-text\">\n\t\t\t<\/span>\n<\/li>\n<li class=\"desktop-align-left tablet-align-left mobile-align-left product type-product post-1385 status-publish last instock product_cat-orthophonie product_tag-bilan-1h30-a-2h-compte-rendu-ecrit has-post-thumbnail taxable shipping-taxable purchasable product-type-simple\">\n\t<a href=\"https:\/\/monorthophoniste.online\/?product=bilan-orthophonique\" class=\"woocommerce-LoopProduct-link woocommerce-loop-product__link\"><img loading=\"lazy\" decoding=\"async\" width=\"140\" height=\"264\" src=\"https:\/\/monorthophoniste.online\/wp-content\/uploads\/2020\/09\/Captura-de-Pantalla-2025-09-19-a-las-13.07.46.png\" class=\"attachment-woocommerce_thumbnail size-woocommerce_thumbnail\" alt=\"Bilan orthophonique\" \/><h2 class=\"woocommerce-loop-product__title\">Bilan orthophonique<\/h2>\n\t<span class=\"price\"><span class=\"woocommerce-Price-amount amount\"><bdi>190,00&nbsp;<span class=\"woocommerce-Price-currencySymbol\">&euro;<\/span><\/bdi><\/span><\/span>\n<\/a><a href=\"?add-to-cart=1385\" aria-describedby=\"woocommerce_loop_add_to_cart_link_describedby_1385\" data-quantity=\"1\" class=\"button product_type_simple add_to_cart_button ajax_add_to_cart\" data-product_id=\"1385\" data-product_sku=\"\" aria-label=\"Ajouter au panier\u00a0: &ldquo;Bilan orthophonique&rdquo;\" rel=\"nofollow\" data-success_message=\"\u00ab\u00a0Bilan orthophonique\u00a0\u00bb a \u00e9t\u00e9 ajout\u00e9 \u00e0 votre panier\">Ajouter au panier<\/a>\t<span id=\"woocommerce_loop_add_to_cart_link_describedby_1385\" class=\"screen-reader-text\">\n\t\t\t<\/span>\n<\/li>\n<\/ul>\n<\/div>\n<\/div><\/div>\n<\/div><\/div>\n\n\n\n<div class=\"inherit-container-width wp-block-group alignfull is-layout-constrained wp-block-group-is-layout-constrained\"><div class=\"wp-block-group__inner-container\">\n<div class=\"wp-block-columns has-pale-ocean-gradient-background has-background is-layout-flex wp-container-core-columns-is-layout-1 wp-block-columns-is-layout-flex\">\n<div class=\"wp-block-column has-ast-global-color-5-background-color has-background is-layout-flow wp-block-column-is-layout-flow\">\n<div class=\"inherit-container-width wp-block-group is-layout-constrained wp-block-group-is-layout-constrained\"><div class=\"wp-block-group__inner-container\">\n<figure class=\"wp-block-gallery has-nested-images columns-default is-cropped wp-block-gallery-1 is-layout-flex wp-block-gallery-is-layout-flex\">\n<figure class=\"wp-block-image size-large is-style-rounded\"><img loading=\"lazy\" decoding=\"async\" width=\"1750\" height=\"544\" src=\"https:\/\/monorthophoniste.online\/wp-content\/uploads\/2022\/03\/Captura-de-pantalla-2022-03-03-a-las-18.58.13.png\" alt=\"\" class=\"wp-image-1753\" srcset=\"https:\/\/monorthophoniste.online\/wp-content\/uploads\/2022\/03\/Captura-de-pantalla-2022-03-03-a-las-18.58.13.png 1750w, https:\/\/monorthophoniste.online\/wp-content\/uploads\/2022\/03\/Captura-de-pantalla-2022-03-03-a-las-18.58.13-300x93.png 300w, https:\/\/monorthophoniste.online\/wp-content\/uploads\/2022\/03\/Captura-de-pantalla-2022-03-03-a-las-18.58.13-1024x318.png 1024w, https:\/\/monorthophoniste.online\/wp-content\/uploads\/2022\/03\/Captura-de-pantalla-2022-03-03-a-las-18.58.13-768x239.png 768w, https:\/\/monorthophoniste.online\/wp-content\/uploads\/2022\/03\/Captura-de-pantalla-2022-03-03-a-las-18.58.13-1536x477.png 1536w\" sizes=\"auto, (max-width: 1750px) 100vw, 1750px\" \/><\/figure>\n<\/figure>\n<\/div><\/div>\n<\/div>\n<\/div>\n<\/div><\/div>\n","protected":false},"excerpt":{"rendered":"<p>Co\u00fbt des prestations<\/p>\n","protected":false},"author":1,"featured_media":0,"parent":0,"menu_order":0,"comment_status":"closed","ping_status":"closed","template":"","meta":{"om_disable_all_campaigns":false,"_monsterinsights_skip_tracking":false,"_monsterinsights_sitenote_active":false,"_monsterinsights_sitenote_note":"","_monsterinsights_sitenote_category":0,"site-sidebar-layout":"no-sidebar","site-content-layout":"plain-container","ast-site-content-layout":"default","site-content-style":"default","site-sidebar-style":"default","ast-global-header-display":"","ast-banner-title-visibility":"","ast-main-header-display":"","ast-hfb-above-header-display":"","ast-hfb-below-header-display":"","ast-hfb-mobile-header-display":"","site-post-title":"disabled","ast-breadcrumbs-content":"","ast-featured-img":"disabled","footer-sml-layout":"","ast-disable-related-posts":"","theme-transparent-header-meta":"default","adv-header-id-meta":"","stick-header-meta":"","header-above-stick-meta":"","header-main-stick-meta":"","header-below-stick-meta":"","astra-migrate-meta-layouts":"default","ast-page-background-enabled":"default","ast-page-background-meta":{"desktop":{"background-color":"","background-image":"","background-repeat":"repeat","background-position":"center center","background-size":"auto","background-attachment":"scroll","background-type":"","background-media":"","overlay-type":"","overlay-color":"","overlay-opacity":"","overlay-gradient":""},"tablet":{"background-color":"","background-image":"","background-repeat":"repeat","background-position":"center center","background-size":"auto","background-attachment":"scroll","background-type":"","background-media":"","overlay-type":"","overlay-color":"","overlay-opacity":"","overlay-gradient":""},"mobile":{"background-color":"","background-image":"","background-repeat":"repeat","background-position":"center center","background-size":"auto","background-attachment":"scroll","background-type":"","background-media":"","overlay-type":"","overlay-color":"","overlay-opacity":"","overlay-gradient":""}},"ast-content-background-meta":{"desktop":{"background-color":"var(--ast-global-color-5)","background-image":"","background-repeat":"repeat","background-position":"center center","background-size":"auto","background-attachment":"scroll","background-type":"","background-media":"","overlay-type":"","overlay-color":"","overlay-opacity":"","overlay-gradient":""},"tablet":{"background-color":"var(--ast-global-color-5)","background-image":"","background-repeat":"repeat","background-position":"center center","background-size":"auto","background-attachment":"scroll","background-type":"","background-media":"","overlay-type":"","overlay-color":"","overlay-opacity":"","overlay-gradient":""},"mobile":{"background-color":"var(--ast-global-color-5)","background-image":"","background-repeat":"repeat","background-position":"center center","background-size":"auto","background-attachment":"scroll","background-type":"","background-media":"","overlay-type":"","overlay-color":"","overlay-opacity":"","overlay-gradient":""}},"footnotes":""},"class_list":["post-1374","page","type-page","status-publish","hentry"],"jetpack_sharing_enabled":true,"_links":{"self":[{"href":"https:\/\/monorthophoniste.online\/index.php?rest_route=\/wp\/v2\/pages\/1374","targetHints":{"allow":["GET"]}}],"collection":[{"href":"https:\/\/monorthophoniste.online\/index.php?rest_route=\/wp\/v2\/pages"}],"about":[{"href":"https:\/\/monorthophoniste.online\/index.php?rest_route=\/wp\/v2\/types\/page"}],"author":[{"embeddable":true,"href":"https:\/\/monorthophoniste.online\/index.php?rest_route=\/wp\/v2\/users\/1"}],"replies":[{"embeddable":true,"href":"https:\/\/monorthophoniste.online\/index.php?rest_route=%2Fwp%2Fv2%2Fcomments&post=1374"}],"version-history":[{"count":6,"href":"https:\/\/monorthophoniste.online\/index.php?rest_route=\/wp\/v2\/pages\/1374\/revisions"}],"predecessor-version":[{"id":1881,"href":"https:\/\/monorthophoniste.online\/index.php?rest_route=\/wp\/v2\/pages\/1374\/revisions\/1881"}],"wp:attachment":[{"href":"https:\/\/monorthophoniste.online\/index.php?rest_route=%2Fwp%2Fv2%2Fmedia&parent=1374"}],"curies":[{"name":"wp","href":"https:\/\/api.w.org\/{rel}","templated":true}]}}