{"id":1370,"date":"2020-09-17T07:29:42","date_gmt":"2020-09-17T07:29:42","guid":{"rendered":"https:\/\/maryamlogofoni.com\/?page_id=1370"},"modified":"2025-07-26T17:28:03","modified_gmt":"2025-07-26T17:28:03","slug":"books","status":"publish","type":"page","link":"https:\/\/monorthophoniste.online\/?page_id=1370","title":{"rendered":"Prises en charge\ufffc"},"content":{"rendered":"\n<div class=\"inherit-container-width wp-block-group alignfull has-ast-global-color-4-background-color has-background is-layout-constrained wp-block-group-is-layout-constrained\"><div class=\"wp-block-group__inner-container\">\n<p class=\"has-ast-global-color-6-color has-text-color has-medium-font-size\">Je propose des s\u00e9ances individuelles par Teams\/ Zoom, adapt\u00e9es \u00e0\u00a0chacun personne \u2013\u00a0<strong>enfants, adolescents, adultes<\/strong>.\u00a0 Un accompagnement sure mesure comme au cabinet:                                                                                                                       Outils et support partag\u00e9s directement \u00e0 l&rsquo;\u00e9cran,                                                                                                                               Activit\u00e9s interactives et personnalis\u00e9es,                                                                                                                                                 Suivi structur\u00e9 et bienveillant.                                                                                                                                                     Confidentialit\u00e9 assur\u00e9e : mes s\u00e9ances a distance respectent le m\u00eame cadre \u00e9thique et professionnel qu&rsquo;en cabinet. Un environnement flexible, confortable et efficace pour progresser a votre rythme, o\u00fa que vous soyez. <\/p>\n\n\n\n<h2 class=\"wp-block-heading has-text-align-center\">Prises en charge<br><\/h2>\n\n\n\n<p class=\"has-text-align-center\"><strong>Voici  une liste\u00a0indicative\u00a0des principaux  troubles<br>du langage oral et \u00e9crit pouvant faire l&rsquo;objet d&rsquo;une prise en charge \u00e0 distance.<\/strong><\/p>\n\n\n\n<div class=\"wp-block-columns are-vertically-aligned-top is-layout-flex wp-container-core-columns-is-layout-1 wp-block-columns-is-layout-flex\">\n<div class=\"wp-block-column is-vertically-aligned-top is-layout-flow wp-block-column-is-layout-flow\">\n<figure class=\"wp-block-image aligncenter size-full is-style-default\"><img loading=\"lazy\" decoding=\"async\" width=\"60\" height=\"68\" src=\"https:\/\/monorthophoniste.online\/wp-content\/uploads\/2019\/05\/life-coach-flower-logo.png\" alt=\"\" class=\"wp-image-718\" srcset=\"https:\/\/monorthophoniste.online\/wp-content\/uploads\/2019\/05\/life-coach-flower-logo.png 60w, https:\/\/monorthophoniste.online\/wp-content\/uploads\/2019\/05\/life-coach-flower-logo-55x62.png 55w\" sizes=\"auto, (max-width: 60px) 100vw, 60px\" \/><\/figure>\n\n\n\n<h4 class=\"wp-block-heading has-text-align-center\">Langage oral<\/h4>\n\n\n\n<p class=\"has-text-align-center\">Retard de d\u00e9veloppement de la parole et du langage<br>Troubles de l\u2019articulation<br>Dysphasie<\/p>\n\n\n\n<div class=\"wp-block-buttons is-horizontal is-content-justification-center is-layout-flex wp-container-core-buttons-is-layout-1 wp-block-buttons-is-layout-flex\">\n<div class=\"wp-block-button\"><a class=\"wp-block-button__link wp-element-button\" href=\"https:\/\/monorthophoniste.online\/?product=bilan-orthophonique\">Get It Now<\/a><\/div>\n<\/div>\n<\/div>\n\n\n\n<div class=\"wp-block-column is-vertically-aligned-top is-layout-flow wp-block-column-is-layout-flow\">\n<figure class=\"wp-block-image aligncenter size-full is-resized is-style-default\"><img loading=\"lazy\" decoding=\"async\" width=\"60\" height=\"68\" src=\"https:\/\/monorthophoniste.online\/wp-content\/uploads\/2019\/05\/life-coach-flower-logo.png\" alt=\"\" class=\"wp-image-718\" style=\"width:64px;height:73px\" srcset=\"https:\/\/monorthophoniste.online\/wp-content\/uploads\/2019\/05\/life-coach-flower-logo.png 60w, https:\/\/monorthophoniste.online\/wp-content\/uploads\/2019\/05\/life-coach-flower-logo-55x62.png 55w\" sizes=\"auto, (max-width: 60px) 100vw, 60px\" \/><\/figure>\n\n\n\n<h4 class=\"wp-block-heading has-text-align-center\">Langage \u00c9crit<\/h4>\n\n\n\n<p class=\"has-text-align-center\">Dyslexie<br>Dysorthographie<br>Dyscalculie<\/p>\n\n\n\n<div class=\"wp-block-buttons is-horizontal is-content-justification-center is-layout-flex wp-container-core-buttons-is-layout-2 wp-block-buttons-is-layout-flex\">\n<div class=\"wp-block-button\"><a class=\"wp-block-button__link wp-element-button\" href=\"https:\/\/monorthophoniste.online\/?product=bilan-orthophonique\">Get It Now<\/a><\/div>\n<\/div>\n<\/div>\n\n\n\n<div class=\"wp-block-column is-layout-flow wp-block-column-is-layout-flow\">\n<figure class=\"wp-block-image aligncenter size-full is-resized is-style-default\"><img loading=\"lazy\" decoding=\"async\" width=\"60\" height=\"68\" src=\"https:\/\/monorthophoniste.online\/wp-content\/uploads\/2019\/05\/life-coach-flower-logo.png\" alt=\"\" class=\"wp-image-718\" style=\"width:60px;height:68px\" srcset=\"https:\/\/monorthophoniste.online\/wp-content\/uploads\/2019\/05\/life-coach-flower-logo.png 60w, https:\/\/monorthophoniste.online\/wp-content\/uploads\/2019\/05\/life-coach-flower-logo-55x62.png 55w\" sizes=\"auto, (max-width: 60px) 100vw, 60px\" \/><\/figure>\n\n\n\n<h4 class=\"wp-block-heading has-text-align-center\">Voix &amp; phonation<\/h4>\n\n\n\n<p class=\"has-text-align-center\">Alt\u00e9ration de la fluence verbale<br>B\u00e9gaiement, Dysphonie<br>F\u00e9minisation de la voix<\/p>\n\n\n\n<div class=\"wp-block-buttons is-horizontal is-content-justification-center is-layout-flex wp-container-core-buttons-is-layout-3 wp-block-buttons-is-layout-flex\">\n<div class=\"wp-block-button\"><a class=\"wp-block-button__link wp-element-button\" href=\"https:\/\/maryamlogofoni.com\/?product=bilan-orthttps:\/\/monorthophoniste.online\/?product=bilan-orthophoniquehophonique\">Get It Now<\/a><\/div>\n<\/div>\n<\/div>\n<\/div>\n<\/div><\/div>\n\n\n\n<div class=\"inherit-container-width wp-block-group alignfull has-ast-global-color-5-background-color has-background is-layout-constrained wp-block-group-is-layout-constrained\"><div class=\"wp-block-group__inner-container\">\n<p><\/p>\n\n\n\n<div class=\"wp-block-columns are-vertically-aligned-top is-layout-flex wp-container-core-columns-is-layout-2 wp-block-columns-is-layout-flex\">\n<div class=\"wp-block-column is-vertically-aligned-top is-layout-flow wp-block-column-is-layout-flow\"><\/div>\n<\/div>\n<\/div><\/div>\n\n\n\n<p><\/p>\n","protected":false},"excerpt":{"rendered":"<p>Je propose des s\u00e9ances individuelles par Teams\/ Zoom, adapt\u00e9es \u00e0\u00a0chacun personne \u2013\u00a0enfants, adolescents, adultes.\u00a0 Un accompagnement sure mesure comme au cabinet: Outils et support partag\u00e9s directement \u00e0 l&rsquo;\u00e9cran, Activit\u00e9s interactives et personnalis\u00e9es, Suivi structur\u00e9 et bienveillant. Confidentialit\u00e9 assur\u00e9e : mes s\u00e9ances a distance respectent le m\u00eame cadre \u00e9thique et professionnel qu&rsquo;en cabinet. Un environnement flexible, [&hellip;]<\/p>\n","protected":false},"author":1,"featured_media":0,"parent":0,"menu_order":0,"comment_status":"closed","ping_status":"closed","template":"","meta":{"om_disable_all_campaigns":false,"_monsterinsights_skip_tracking":false,"_monsterinsights_sitenote_active":false,"_monsterinsights_sitenote_note":"","_monsterinsights_sitenote_category":0,"site-sidebar-layout":"no-sidebar","site-content-layout":"plain-container","ast-site-content-layout":"normal-width-container","site-content-style":"unboxed","site-sidebar-style":"unboxed","ast-global-header-display":"","ast-banner-title-visibility":"","ast-main-header-display":"","ast-hfb-above-header-display":"","ast-hfb-below-header-display":"","ast-hfb-mobile-header-display":"","site-post-title":"disabled","ast-breadcrumbs-content":"","ast-featured-img":"disabled","footer-sml-layout":"","ast-disable-related-posts":"","theme-transparent-header-meta":"default","adv-header-id-meta":"","stick-header-meta":"","header-above-stick-meta":"","header-main-stick-meta":"","header-below-stick-meta":"","astra-migrate-meta-layouts":"set","ast-page-background-enabled":"default","ast-page-background-meta":{"desktop":{"background-color":"","background-image":"","background-repeat":"repeat","background-position":"center center","background-size":"auto","background-attachment":"scroll","background-type":"","background-media":"","overlay-type":"","overlay-color":"","overlay-opacity":"","overlay-gradient":""},"tablet":{"background-color":"","background-image":"","background-repeat":"repeat","background-position":"center center","background-size":"auto","background-attachment":"scroll","background-type":"","background-media":"","overlay-type":"","overlay-color":"","overlay-opacity":"","overlay-gradient":""},"mobile":{"background-color":"","background-image":"","background-repeat":"repeat","background-position":"center center","background-size":"auto","background-attachment":"scroll","background-type":"","background-media":"","overlay-type":"","overlay-color":"","overlay-opacity":"","overlay-gradient":""}},"ast-content-background-meta":{"desktop":{"background-color":"var(--ast-global-color-5)","background-image":"","background-repeat":"repeat","background-position":"center center","background-size":"auto","background-attachment":"scroll","background-type":"","background-media":"","overlay-type":"","overlay-color":"","overlay-opacity":"","overlay-gradient":""},"tablet":{"background-color":"var(--ast-global-color-5)","background-image":"","background-repeat":"repeat","background-position":"center center","background-size":"auto","background-attachment":"scroll","background-type":"","background-media":"","overlay-type":"","overlay-color":"","overlay-opacity":"","overlay-gradient":""},"mobile":{"background-color":"var(--ast-global-color-5)","background-image":"","background-repeat":"repeat","background-position":"center center","background-size":"auto","background-attachment":"scroll","background-type":"","background-media":"","overlay-type":"","overlay-color":"","overlay-opacity":"","overlay-gradient":""}},"footnotes":""},"class_list":["post-1370","page","type-page","status-publish","hentry"],"jetpack_sharing_enabled":true,"_links":{"self":[{"href":"https:\/\/monorthophoniste.online\/index.php?rest_route=\/wp\/v2\/pages\/1370","targetHints":{"allow":["GET"]}}],"collection":[{"href":"https:\/\/monorthophoniste.online\/index.php?rest_route=\/wp\/v2\/pages"}],"about":[{"href":"https:\/\/monorthophoniste.online\/index.php?rest_route=\/wp\/v2\/types\/page"}],"author":[{"embeddable":true,"href":"https:\/\/monorthophoniste.online\/index.php?rest_route=\/wp\/v2\/users\/1"}],"replies":[{"embeddable":true,"href":"https:\/\/monorthophoniste.online\/index.php?rest_route=%2Fwp%2Fv2%2Fcomments&post=1370"}],"version-history":[{"count":12,"href":"https:\/\/monorthophoniste.online\/index.php?rest_route=\/wp\/v2\/pages\/1370\/revisions"}],"predecessor-version":[{"id":2974,"href":"https:\/\/monorthophoniste.online\/index.php?rest_route=\/wp\/v2\/pages\/1370\/revisions\/2974"}],"wp:attachment":[{"href":"https:\/\/monorthophoniste.online\/index.php?rest_route=%2Fwp%2Fv2%2Fmedia&parent=1370"}],"curies":[{"name":"wp","href":"https:\/\/api.w.org\/{rel}","templated":true}]}}